{"id":249,"date":"2023-02-04T21:51:28","date_gmt":"2023-02-04T20:51:28","guid":{"rendered":"http:\/\/www.plautoservices.com\/?page_id=249"},"modified":"2023-02-05T00:51:52","modified_gmt":"2023-02-04T23:51:52","slug":"siv","status":"publish","type":"page","link":"https:\/\/www.plautoservices.com\/index.php\/siv\/","title":{"rendered":"Cartes grises et plaques SIV"},"content":{"rendered":"\n<div style=\"height:30px\" aria-hidden=\"true\" class=\"wp-block-spacer\"><\/div>\n\n\n\n<p>Nos vous proposons de nous occuper de vos diverses d\u00e9marches administratives (SIV) :<br>&#8211; Changement de titulaire &#8211; 29.90\u20ac TTC<br>&#8211; Changement d&rsquo;adresse &#8211; 19,90\u20ac TTC<br>&#8211; Demande de duplicata &#8211; 34,90\u20ac TTC<\/p>\n\n\n\n<p>Recevez votre certificat d&rsquo;immatriculation (ex carte grise) sous une semaine maximum directement chez vous.<\/p>\n\n\n\n<p>Nous pouvons \u00e9galement fabriquer et poser vos plaques SIV (plaques d&rsquo;immatriculations) format voiture en plexiglas 7 jours sur 7, m\u00eame le dimanche, sur RDV.<\/p>\n\n\n\n<div style=\"height:30px\" aria-hidden=\"true\" class=\"wp-block-spacer\"><\/div>\n\n\n\n<p>N&rsquo;h\u00e9sitez pas , contactez-nous !<\/p>\n\n\n<style>#kt-layout-id_755b1f-b0 > .kt-row-column-wrap{align-content:start;}:where(#kt-layout-id_755b1f-b0 > .kt-row-column-wrap) > .wp-block-kadence-column{justify-content:start;}#kt-layout-id_755b1f-b0 > .kt-row-column-wrap{column-gap:var(--global-kb-gap-md, 2rem);row-gap:var(--global-kb-gap-md, 2rem);max-width:1140px;padding-top:var( --global-kb-row-default-top, 25px );padding-bottom:var( --global-kb-row-default-bottom, 25px );padding-top:0px;padding-bottom:120px;padding-left:25px;padding-right:25px;grid-template-columns:minmax(0, 1fr);}#kt-layout-id_755b1f-b0{background-color:#f8f9fc;}#kt-layout-id_755b1f-b0 > .kt-row-layout-overlay{opacity:0.07;}@media all and (max-width: 1024px){#kt-layout-id_755b1f-b0 > .kt-row-column-wrap{grid-template-columns:minmax(0, 1fr);}}@media all and (max-width: 767px){#kt-layout-id_755b1f-b0 > .kt-row-column-wrap{padding-top:60px;padding-bottom:60px;grid-template-columns:minmax(0, 1fr);}}<\/style>\n<div class=\"wp-block-kadence-rowlayout alignnone\"><div id=\"kt-layout-id_755b1f-b0\" class=\"kt-row-layout-inner kt-row-has-bg kt-layout-id_755b1f-b0\"><div class=\"kt-row-column-wrap kt-has-1-columns kt-gutter-default kt-v-gutter-default kt-row-valign-top kt-row-layout-equal kt-tab-layout-inherit kt-m-colapse-left-to-right kt-mobile-layout-row kb-theme-content-width\"><style>.kadence-column_2263da-bc > .kt-inside-inner-col{border-top-width:0px;border-right-width:0px;border-bottom-width:0px;border-left-width:0px;}.kadence-column_2263da-bc > .kt-inside-inner-col,.kadence-column_2263da-bc > .kt-inside-inner-col:before{border-top-left-radius:0px;border-top-right-radius:0px;border-bottom-right-radius:0px;border-bottom-left-radius:0px;}.kadence-column_2263da-bc > .kt-inside-inner-col{column-gap:var(--global-kb-gap-sm, 1rem);}.kadence-column_2263da-bc > .kt-inside-inner-col{flex-direction:column;}.kadence-column_2263da-bc > .kt-inside-inner-col > .aligncenter{width:100%;}.kadence-column_2263da-bc > .kt-inside-inner-col:before{opacity:0.3;}.kadence-column_2263da-bc{position:relative;}@media all and (max-width: 1024px){.kadence-column_2263da-bc > .kt-inside-inner-col{flex-direction:column;justify-content:center;}}@media all and (max-width: 767px){.kadence-column_2263da-bc > .kt-inside-inner-col{flex-direction:column;justify-content:center;}}<\/style>\n<div class=\"wp-block-kadence-column inner-column-1 kadence-column_2263da-bc\"><div class=\"kt-inside-inner-col\"><style>#kt-layout-id_a882e3-ac > .kt-row-column-wrap{align-content:start;}:where(#kt-layout-id_a882e3-ac > .kt-row-column-wrap) > .wp-block-kadence-column{justify-content:start;}#kt-layout-id_a882e3-ac > .kt-row-column-wrap{column-gap:20px;row-gap:var(--global-kb-gap-md, 2rem);padding-top:var( --global-kb-row-default-top, 25px );padding-bottom:var( --global-kb-row-default-bottom, 25px );padding-top:0px;padding-bottom:0px;padding-left:0px;padding-right:0px;grid-template-columns:minmax(0, 1fr);}#kt-layout-id_a882e3-ac > .kt-row-layout-overlay{opacity:0.30;}@media all and (max-width: 1024px){#kt-layout-id_a882e3-ac > .kt-row-column-wrap{grid-template-columns:minmax(0, 1fr);}}@media all and (max-width: 767px){#kt-layout-id_a882e3-ac > .kt-row-column-wrap{grid-template-columns:minmax(0, 1fr);}}<\/style>\n<div class=\"wp-block-kadence-rowlayout alignnone\"><div id=\"kt-layout-id_a882e3-ac\" class=\"kt-row-layout-inner kt-layout-id_a882e3-ac\"><div class=\"kt-row-column-wrap kt-has-1-columns kt-gutter-narrow kt-v-gutter-default kt-row-valign-top kt-row-layout-equal kt-tab-layout-inherit kt-m-colapse-left-to-right kt-mobile-layout-row\"><style>.kadence-column_857127-a3 > .kt-inside-inner-col{border-top-width:0px;border-right-width:0px;border-bottom-width:0px;border-left-width:0px;}.kadence-column_857127-a3 > .kt-inside-inner-col,.kadence-column_857127-a3 > .kt-inside-inner-col:before{border-top-left-radius:0px;border-top-right-radius:0px;border-bottom-right-radius:0px;border-bottom-left-radius:0px;}.kadence-column_857127-a3 > .kt-inside-inner-col{column-gap:var(--global-kb-gap-sm, 1rem);}.kadence-column_857127-a3 > .kt-inside-inner-col{flex-direction:column;}.kadence-column_857127-a3 > .kt-inside-inner-col > .aligncenter{width:100%;}.kadence-column_857127-a3 > .kt-inside-inner-col:before{opacity:0.3;}.kadence-column_857127-a3{position:relative;}@media all and (max-width: 1024px){.kadence-column_857127-a3 > .kt-inside-inner-col{flex-direction:column;justify-content:center;}}@media all and (max-width: 767px){.kadence-column_857127-a3 > .kt-inside-inner-col{flex-direction:column;justify-content:center;}}<\/style>\n<div class=\"wp-block-kadence-column inner-column-1 kadence-column_857127-a3\"><div class=\"kt-inside-inner-col\"><style>.kt-accordion-id_46bb7a-42 .kt-accordion-inner-wrap{column-gap:var(--global-kb-gap-md, 2rem);row-gap:15px;}.kt-accordion-id_46bb7a-42 .kt-accordion-panel-inner{border-top-width:0px;border-right-width:0px;border-bottom-width:0px;border-left-width:0px;background:#ffffff;padding-top:var(--global-kb-spacing-sm, 1.5rem);padding-right:var(--global-kb-spacing-sm, 1.5rem);padding-bottom:var(--global-kb-spacing-sm, 1.5rem);padding-left:var(--global-kb-spacing-sm, 1.5rem);}.kt-accordion-id_46bb7a-42 > .kt-accordion-inner-wrap > .wp-block-kadence-pane > .kt-accordion-header-wrap > .kt-blocks-accordion-header{border-top-color:#555555;border-right-color:#555555;border-bottom-color:#555555;border-left-color:#555555;border-top-width:0px;border-right-width:0px;border-bottom-width:0px;border-left-width:0px;border-top-left-radius:0px;border-top-right-radius:0px;border-bottom-right-radius:0px;border-bottom-left-radius:0px;background:#d5d9df;font-size:20px;line-height:24px;font-family:'Josefin Sans';font-weight:400;color:#4a5568;padding-top:14px;padding-right:14px;padding-bottom:14px;padding-left:14px;}.kt-accordion-id_46bb7a-42:not( .kt-accodion-icon-style-basiccircle ):not( .kt-accodion-icon-style-xclosecircle ):not( .kt-accodion-icon-style-arrowcircle )  > .kt-accordion-inner-wrap > .wp-block-kadence-pane > .kt-accordion-header-wrap .kt-blocks-accordion-icon-trigger:after, .kt-accordion-id_46bb7a-42:not( .kt-accodion-icon-style-basiccircle ):not( .kt-accodion-icon-style-xclosecircle ):not( .kt-accodion-icon-style-arrowcircle )  > .kt-accordion-inner-wrap > .wp-block-kadence-pane > .kt-accordion-header-wrap .kt-blocks-accordion-icon-trigger:before{background:#4a5568;}.kt-accordion-id_46bb7a-42:not( .kt-accodion-icon-style-basic ):not( .kt-accodion-icon-style-xclose ):not( .kt-accodion-icon-style-arrow ) .kt-blocks-accordion-icon-trigger{background:#4a5568;}.kt-accordion-id_46bb7a-42:not( .kt-accodion-icon-style-basic ):not( .kt-accodion-icon-style-xclose ):not( .kt-accodion-icon-style-arrow ) .kt-blocks-accordion-icon-trigger:after, .kt-accordion-id_46bb7a-42:not( .kt-accodion-icon-style-basic ):not( .kt-accodion-icon-style-xclose ):not( .kt-accodion-icon-style-arrow ) .kt-blocks-accordion-icon-trigger:before{background:#d5d9df;}.kt-accordion-id_46bb7a-42 > .kt-accordion-inner-wrap > .wp-block-kadence-pane > .kt-accordion-header-wrap > .kt-blocks-accordion-header:hover, \n\t\t\t\tbody:not(.hide-focus-outline) .kt-accordion-id_46bb7a-42 .kt-blocks-accordion-header:focus-visible{color:#2b73b3;background:#eee;border-top-color:#eeeeee;border-right-color:#eeeeee;border-bottom-color:#eeeeee;border-left-color:#eeeeee;}.kt-accordion-id_46bb7a-42:not( .kt-accodion-icon-style-basiccircle ):not( .kt-accodion-icon-style-xclosecircle ):not( .kt-accodion-icon-style-arrowcircle ) .kt-accordion-header-wrap .kt-blocks-accordion-header:hover .kt-blocks-accordion-icon-trigger:after, .kt-accordion-id_46bb7a-42:not( .kt-accodion-icon-style-basiccircle ):not( .kt-accodion-icon-style-xclosecircle ):not( .kt-accodion-icon-style-arrowcircle ) .kt-accordion-header-wrap .kt-blocks-accordion-header:hover .kt-blocks-accordion-icon-trigger:before, body:not(.hide-focus-outline) .kt-accordion-id_46bb7a-42:not( .kt-accodion-icon-style-basiccircle ):not( .kt-accodion-icon-style-xclosecircle ):not( .kt-accodion-icon-style-arrowcircle ) .kt-blocks-accordion--visible .kt-blocks-accordion-icon-trigger:after, body:not(.hide-focus-outline) .kt-accordion-id_46bb7a-42:not( .kt-accodion-icon-style-basiccircle ):not( .kt-accodion-icon-style-xclosecircle ):not( .kt-accodion-icon-style-arrowcircle ) .kt-blocks-accordion-header:focus-visible .kt-blocks-accordion-icon-trigger:before{background:#2b73b3;}.kt-accordion-id_46bb7a-42:not( .kt-accodion-icon-style-basic ):not( .kt-accodion-icon-style-xclose ):not( .kt-accodion-icon-style-arrow ) .kt-accordion-header-wrap .kt-blocks-accordion-header:hover .kt-blocks-accordion-icon-trigger, body:not(.hide-focus-outline) .kt-accordion-id_46bb7a-42:not( .kt-accodion-icon-style-basic ):not( .kt-accodion-icon-style-xclose ):not( .kt-accodion-icon-style-arrow ) .kt-accordion-header-wrap .kt-blocks-accordion-header:focus-visible .kt-blocks-accordion-icon-trigger{background:#2b73b3;}.kt-accordion-id_46bb7a-42:not( .kt-accodion-icon-style-basic ):not( .kt-accodion-icon-style-xclose ):not( .kt-accodion-icon-style-arrow ) .kt-accordion-header-wrap .kt-blocks-accordion-header:hover .kt-blocks-accordion-icon-trigger:after, .kt-accordion-id_46bb7a-42:not( .kt-accodion-icon-style-basic ):not( .kt-accodion-icon-style-xclose ):not( .kt-accodion-icon-style-arrow ) .kt-accordion-header-wrap .kt-blocks-accordion-header:hover .kt-blocks-accordion-icon-trigger:before, body:not(.hide-focus-outline) .kt-accordion-id_46bb7a-42:not( .kt-accodion-icon-style-basic ):not( .kt-accodion-icon-style-xclose ):not( .kt-accodion-icon-style-arrow ) .kt-accordion-header-wrap .kt-blocks-accordion-header:focus-visible .kt-blocks-accordion-icon-trigger:after, body:not(.hide-focus-outline) .kt-accordion-id_46bb7a-42:not( .kt-accodion-icon-style-basic ):not( .kt-accodion-icon-style-xclose ):not( .kt-accodion-icon-style-arrow ) .kt-accordion-header-wrap .kt-blocks-accordion-header:focus-visible .kt-blocks-accordion-icon-trigger:before{background:#eee;}.kt-accordion-id_46bb7a-42 .kt-accordion-header-wrap .kt-blocks-accordion-header:focus-visible,\n\t\t\t\t.kt-accordion-id_46bb7a-42 > .kt-accordion-inner-wrap > .wp-block-kadence-pane > .kt-accordion-header-wrap > .kt-blocks-accordion-header.kt-accordion-panel-active{color:#ffffff;background:#2b73b3;border-top-color:#444444;border-right-color:#444444;border-bottom-color:#444444;border-left-color:#444444;}.kt-accordion-id_46bb7a-42:not( .kt-accodion-icon-style-basiccircle ):not( .kt-accodion-icon-style-xclosecircle ):not( .kt-accodion-icon-style-arrowcircle )  > .kt-accordion-inner-wrap > .wp-block-kadence-pane > .kt-accordion-header-wrap > .kt-blocks-accordion-header.kt-accordion-panel-active .kt-blocks-accordion-icon-trigger:after, .kt-accordion-id_46bb7a-42:not( .kt-accodion-icon-style-basiccircle ):not( .kt-accodion-icon-style-xclosecircle ):not( .kt-accodion-icon-style-arrowcircle )  > .kt-accordion-inner-wrap > .wp-block-kadence-pane > .kt-accordion-header-wrap > .kt-blocks-accordion-header.kt-accordion-panel-active .kt-blocks-accordion-icon-trigger:before{background:#ffffff;}.kt-accordion-id_46bb7a-42:not( .kt-accodion-icon-style-basic ):not( .kt-accodion-icon-style-xclose ):not( .kt-accodion-icon-style-arrow ) .kt-blocks-accordion-header.kt-accordion-panel-active .kt-blocks-accordion-icon-trigger{background:#ffffff;}.kt-accordion-id_46bb7a-42:not( .kt-accodion-icon-style-basic ):not( .kt-accodion-icon-style-xclose ):not( .kt-accodion-icon-style-arrow ) .kt-blocks-accordion-header.kt-accordion-panel-active .kt-blocks-accordion-icon-trigger:after, .kt-accordion-id_46bb7a-42:not( .kt-accodion-icon-style-basic ):not( .kt-accodion-icon-style-xclose ):not( .kt-accodion-icon-style-arrow ) .kt-blocks-accordion-header.kt-accordion-panel-active .kt-blocks-accordion-icon-trigger:before{background:#2b73b3;}@media all and (max-width: 767px){.kt-accordion-id_46bb7a-42 .kt-accordion-inner-wrap{display:block;}.kt-accordion-id_46bb7a-42 .kt-accordion-inner-wrap .kt-accordion-pane:not(:first-child){margin-top:15px;}}<\/style>\n<div class=\"wp-block-kadence-accordion alignnone\"><div class=\"kt-accordion-wrap kt-accordion-wrap kt-accordion-id_46bb7a-42 kt-accordion-has-3-panes kt-active-pane-0 kt-accordion-block kt-pane-header-alignment-left kt-accodion-icon-style-basic kt-accodion-icon-side-right\" style=\"max-width:none\"><div class=\"kt-accordion-inner-wrap\" data-allow-multiple-open=\"false\" data-start-open=\"0\">\n<div class=\"wp-block-kadence-pane kt-accordion-pane kt-accordion-pane-1 kt-pane_1ed471-4c\"><div class=\"kt-accordion-header-wrap\"><button class=\"kt-blocks-accordion-header kt-acccordion-button-label-show\"><span class=\"kt-blocks-accordion-title-wrap\"><span class=\"kt-blocks-accordion-title\">Changement de titulaire<\/span><\/span><span class=\"kt-blocks-accordion-icon-trigger\"><\/span><\/button><\/div><div class=\"kt-accordion-panel kt-accordion-panel-hidden\"><div class=\"kt-accordion-panel-inner\"><style>.wp-block-kadence-advancedheading.kt-adv-heading_6cfd73-24, .wp-block-kadence-advancedheading.kt-adv-heading_6cfd73-24[data-kb-block=\"kb-adv-heading_6cfd73-24\"]{margin-bottom:0px;font-size:18px;line-height:30px;font-weight:400;font-style:normal;font-family:Lato;}.wp-block-kadence-advancedheading.kt-adv-heading_6cfd73-24 mark.kt-highlight, .wp-block-kadence-advancedheading.kt-adv-heading_6cfd73-24[data-kb-block=\"kb-adv-heading_6cfd73-24\"] mark.kt-highlight{font-style:normal;color:#f76a0c;-webkit-box-decoration-break:clone;box-decoration-break:clone;padding-top:0px;padding-right:0px;padding-bottom:0px;padding-left:0px;}.wp-block-kadence-advancedheading.kt-adv-heading_6cfd73-24 img.kb-inline-image, .wp-block-kadence-advancedheading.kt-adv-heading_6cfd73-24[data-kb-block=\"kb-adv-heading_6cfd73-24\"] img.kb-inline-image{width:150px;vertical-align:baseline;}<\/style>\n<h4 class=\"kt-adv-heading_6cfd73-24 wp-block-kadence-advancedheading\" data-kb-block=\"kb-adv-heading_6cfd73-24\">Vous venez d&rsquo;acheter un v\u00e9hicule d&rsquo;occasion d\u00e9j\u00e0 immatricul\u00e9 en France? <br>Voici les documents \u00e0 nous fournir pour mettre la voiture ou la moto \u00e0 votre nom :<\/h4>\n\n\n\n<ul class=\"wp-block-list\">\n<li>Formulaire <a href=\"https:\/\/www.service-public.fr\/particuliers\/vosdroits\/R13567\" target=\"_blank\" rel=\"noreferrer noopener\">cerfa n\u00b013750<\/a><\/li>\n\n\n\n<li><a href=\"https:\/\/www.service-public.fr\/particuliers\/vosdroits\/F1028\" target=\"_blank\" rel=\"noreferrer noopener\">Justificatif de domicile<\/a> de moins de 6 mois (en cas de co-titulaires, justificatif de celui dont l&rsquo;adresse va figurer sur la carte grise)<\/li>\n\n\n\n<li>Carte grise du v\u00e9hicule, barr\u00e9e avec la mention <em>Vendu le (jour\/mois\/ann\u00e9e)<\/em> ou C\u00e9d\u00e9 le (jour\/mois\/ann\u00e9e), avec la signature de tous les anciens co-titulaires<\/li>\n\n\n\n<li>Si le v\u00e9hicule a plus de 4 ans&nbsp;: preuve du contr\u00f4le technique <a href=\"https:\/\/www.service-public.fr\/particuliers\/vosdroits\/F2880\" target=\"_blank\" rel=\"noreferrer noopener\">sauf si le v\u00e9hicule en est dispens\u00e9<\/a>. Il doit dater de moins de 6 mois (2 mois si une contre-visite : Second examen n\u00e9cessaire pour v\u00e9rifier si les points d\u00e9fectueux d\u00e9tect\u00e9s (d\u00e9faillance majeure ou critique) lors de la visite initiale du v\u00e9hicule ont \u00e9t\u00e9 r\u00e9par\u00e9s a \u00e9t\u00e9 prescrite). Si le d\u00e9lai est d\u00e9pass\u00e9, il faudra r\u00e9aliser un nouveau contr\u00f4le, \u00e0 vos frais.<\/li>\n\n\n\n<li>Si vous faites la d\u00e9marche pour quelqu&rsquo;un d&rsquo;autre&nbsp;: <a href=\"https:\/\/www.service-public.fr\/particuliers\/vosdroits\/R1137\" target=\"_blank\" rel=\"noreferrer noopener\">mandat<\/a> sign\u00e9 et <a href=\"https:\/\/www.service-public.fr\/particuliers\/vosdroits\/F31853\" target=\"_blank\" rel=\"noreferrer noopener\">pi\u00e8ce d&rsquo;identit\u00e9<\/a> de la personne pour qui vous effectuez la d\u00e9marche<\/li>\n<\/ul>\n<\/div><\/div><\/div>\n\n\n\n<div class=\"wp-block-kadence-pane kt-accordion-pane kt-accordion-pane-2 kt-pane_14327e-a7\"><div class=\"kt-accordion-header-wrap\"><button class=\"kt-blocks-accordion-header kt-acccordion-button-label-show\"><span class=\"kt-blocks-accordion-title-wrap\"><span class=\"kt-blocks-accordion-title\">Changement d&rsquo;adresse<\/span><\/span><span class=\"kt-blocks-accordion-icon-trigger\"><\/span><\/button><\/div><div class=\"kt-accordion-panel kt-accordion-panel-hidden\"><div class=\"kt-accordion-panel-inner\"><style>.wp-block-kadence-advancedheading.kt-adv-heading_3b5899-6b, .wp-block-kadence-advancedheading.kt-adv-heading_3b5899-6b[data-kb-block=\"kb-adv-heading_3b5899-6b\"]{margin-bottom:0px;font-size:18px;line-height:30px;font-weight:400;font-style:normal;font-family:Lato;}.wp-block-kadence-advancedheading.kt-adv-heading_3b5899-6b mark.kt-highlight, .wp-block-kadence-advancedheading.kt-adv-heading_3b5899-6b[data-kb-block=\"kb-adv-heading_3b5899-6b\"] mark.kt-highlight{font-style:normal;color:#f76a0c;-webkit-box-decoration-break:clone;box-decoration-break:clone;padding-top:0px;padding-right:0px;padding-bottom:0px;padding-left:0px;}.wp-block-kadence-advancedheading.kt-adv-heading_3b5899-6b img.kb-inline-image, .wp-block-kadence-advancedheading.kt-adv-heading_3b5899-6b[data-kb-block=\"kb-adv-heading_3b5899-6b\"] img.kb-inline-image{width:150px;vertical-align:baseline;}<\/style>\n<h4 class=\"kt-adv-heading_3b5899-6b wp-block-kadence-advancedheading\" data-kb-block=\"kb-adv-heading_3b5899-6b\">Vous venez de d\u00e9m\u00e9nager? <\/h4>\n\n\n<style>.wp-block-kadence-advancedheading.kt-adv-heading_ad6241-c2, .wp-block-kadence-advancedheading.kt-adv-heading_ad6241-c2[data-kb-block=\"kb-adv-heading_ad6241-c2\"]{margin-bottom:0px;font-size:18px;line-height:30px;font-weight:400;font-style:normal;font-family:Lato;}.wp-block-kadence-advancedheading.kt-adv-heading_ad6241-c2 mark.kt-highlight, .wp-block-kadence-advancedheading.kt-adv-heading_ad6241-c2[data-kb-block=\"kb-adv-heading_ad6241-c2\"] mark.kt-highlight{font-style:normal;color:#f76a0c;-webkit-box-decoration-break:clone;box-decoration-break:clone;padding-top:0px;padding-right:0px;padding-bottom:0px;padding-left:0px;}.wp-block-kadence-advancedheading.kt-adv-heading_ad6241-c2 img.kb-inline-image, .wp-block-kadence-advancedheading.kt-adv-heading_ad6241-c2[data-kb-block=\"kb-adv-heading_ad6241-c2\"] img.kb-inline-image{width:150px;vertical-align:baseline;}<\/style>\n<h4 class=\"kt-adv-heading_ad6241-c2 wp-block-kadence-advancedheading\" data-kb-block=\"kb-adv-heading_ad6241-c2\">Vous avez 1 mois pour signaler votre changement d&rsquo;adresse aupr\u00e8s de l\u2019\u00c9tat.<br>Voici les documents \u00e0 nous fournir pour effectuer ce changement d&rsquo;adresse : <br><\/h4>\n\n\n\n<ul class=\"wp-block-list\">\n<li>Certificat d&rsquo;immatriculation<\/li>\n\n\n\n<li>Justificatif de domicile de moins de 6 mois<\/li>\n\n\n\n<li>Une pi\u00e8ce d&rsquo;identit\u00e9 en cours de validit\u00e9<br><\/li>\n<\/ul>\n<\/div><\/div><\/div>\n\n\n\n<div class=\"wp-block-kadence-pane kt-accordion-pane kt-accordion-pane-3 kt-pane_206eb2-b8\"><div class=\"kt-accordion-header-wrap\"><button class=\"kt-blocks-accordion-header kt-acccordion-button-label-show\"><span class=\"kt-blocks-accordion-title-wrap\"><span class=\"kt-blocks-accordion-title\">Demande de duplicata<\/span><\/span><span class=\"kt-blocks-accordion-icon-trigger\"><\/span><\/button><\/div><div class=\"kt-accordion-panel kt-accordion-panel-hidden\"><div class=\"kt-accordion-panel-inner\"><style>.wp-block-kadence-advancedheading.kt-adv-heading_c0d899-c9, .wp-block-kadence-advancedheading.kt-adv-heading_c0d899-c9[data-kb-block=\"kb-adv-heading_c0d899-c9\"]{margin-bottom:0px;font-size:18px;line-height:30px;font-weight:400;font-style:normal;font-family:Lato;}.wp-block-kadence-advancedheading.kt-adv-heading_c0d899-c9 mark.kt-highlight, .wp-block-kadence-advancedheading.kt-adv-heading_c0d899-c9[data-kb-block=\"kb-adv-heading_c0d899-c9\"] mark.kt-highlight{font-style:normal;color:#f76a0c;-webkit-box-decoration-break:clone;box-decoration-break:clone;padding-top:0px;padding-right:0px;padding-bottom:0px;padding-left:0px;}.wp-block-kadence-advancedheading.kt-adv-heading_c0d899-c9 img.kb-inline-image, .wp-block-kadence-advancedheading.kt-adv-heading_c0d899-c9[data-kb-block=\"kb-adv-heading_c0d899-c9\"] img.kb-inline-image{width:150px;vertical-align:baseline;}<\/style>\n<h4 class=\"kt-adv-heading_c0d899-c9 wp-block-kadence-advancedheading\" data-kb-block=\"kb-adv-heading_c0d899-c9\">Votre carte grise a \u00e9t\u00e9 vol\u00e9e, perdue ou d\u00e9t\u00e9rior\u00e9e ?<br>Pas de panique, il vous suffit de demander un duplicata. Voici les documents \u00e0 nous fournir :<\/h4>\n\n\n\n<ul class=\"wp-block-list\">\n<li>Si le v\u00e9hicule a plus de 4 ans\u00a0: preuve du contr\u00f4le technique <a rel=\"noreferrer noopener\" href=\"https:\/\/www.service-public.fr\/particuliers\/vosdroits\/F2880\" target=\"_blank\">sauf si le v\u00e9hicule en est dispens\u00e9<\/a>. Il doit dater de moins de 6 mois (2 mois si une contre-visite : Second examen n\u00e9cessaire pour v\u00e9rifier si les points d\u00e9fectueux d\u00e9tect\u00e9s (d\u00e9faillance majeure ou critique) lors de la visite initiale du v\u00e9hicule ont \u00e9t\u00e9 r\u00e9par\u00e9s a \u00e9t\u00e9 prescrite). Si le d\u00e9lai est d\u00e9pass\u00e9, il faudra r\u00e9aliser un nouveau contr\u00f4le, \u00e0 vos frais<\/li>\n\n\n\n<li><a href=\"https:\/\/www.service-public.fr\/particuliers\/vosdroits\/F31853\" target=\"_blank\" rel=\"noreferrer noopener\">Justificatif d&rsquo;identit\u00e9<\/a> du titulaire ou du cotitulaire de la carte grise perdue<\/li>\n\n\n\n<li>Identit\u00e9 du titulaire ou du cotitulaire de la carte grise perdue (nom, pr\u00e9noms, sexe, date et lieu de naissance, num\u00e9ro de t\u00e9l\u00e9phone et adresse \u00e9lectronique)<\/li>\n\n\n\n<li>Num\u00e9ro d&rsquo;immatriculation du v\u00e9hicule<\/li>\n<\/ul>\n<\/div><\/div><\/div>\n<\/div><\/div><\/div>\n<\/div><\/div>\n<\/div><\/div><\/div>\n<\/div><\/div>\n<\/div><\/div><\/div>\n","protected":false},"excerpt":{"rendered":"<p>Nos vous proposons de nous occuper de vos diverses d\u00e9marches administratives (SIV) :&#8211; Changement de titulaire &#8211; 29.90\u20ac TTC&#8211; Changement d&rsquo;adresse &#8211; 19,90\u20ac TTC&#8211; Demande de duplicata &#8211; 34,90\u20ac TTC Recevez votre certificat d&rsquo;immatriculation (ex carte grise) sous une semaine &hellip; <a href=\"https:\/\/www.plautoservices.com\/index.php\/siv\/\">Lire la suite\u00ad\u00ad<\/a><\/p>\n","protected":false},"author":1,"featured_media":0,"parent":0,"menu_order":0,"comment_status":"closed","ping_status":"closed","template":"","meta":{"kt_blocks_editor_width":"","footnotes":""},"class_list":["post-249","page","type-page","status-publish","hentry"],"_links":{"self":[{"href":"https:\/\/www.plautoservices.com\/index.php\/wp-json\/wp\/v2\/pages\/249","targetHints":{"allow":["GET"]}}],"collection":[{"href":"https:\/\/www.plautoservices.com\/index.php\/wp-json\/wp\/v2\/pages"}],"about":[{"href":"https:\/\/www.plautoservices.com\/index.php\/wp-json\/wp\/v2\/types\/page"}],"author":[{"embeddable":true,"href":"https:\/\/www.plautoservices.com\/index.php\/wp-json\/wp\/v2\/users\/1"}],"replies":[{"embeddable":true,"href":"https:\/\/www.plautoservices.com\/index.php\/wp-json\/wp\/v2\/comments?post=249"}],"version-history":[{"count":19,"href":"https:\/\/www.plautoservices.com\/index.php\/wp-json\/wp\/v2\/pages\/249\/revisions"}],"predecessor-version":[{"id":339,"href":"https:\/\/www.plautoservices.com\/index.php\/wp-json\/wp\/v2\/pages\/249\/revisions\/339"}],"wp:attachment":[{"href":"https:\/\/www.plautoservices.com\/index.php\/wp-json\/wp\/v2\/media?parent=249"}],"curies":[{"name":"wp","href":"https:\/\/api.w.org\/{rel}","templated":true}]}}